{"id":61,"date":"2021-09-16T18:14:04","date_gmt":"2021-09-16T16:14:04","guid":{"rendered":"http:\/\/www.thatsallfolk.fr\/?page_id=61"},"modified":"2023-10-09T09:10:46","modified_gmt":"2023-10-09T07:10:46","slug":"contact","status":"publish","type":"page","link":"http:\/\/www.thatsallfolk.fr\/?page_id=61","title":{"rendered":"Contact"},"content":{"rendered":"\n<p>Pour toute demande de disponibilit\u00e9, devis ou autres n&rsquo;h\u00e9sitez pas \u00e0 nous contacter mail via le formulaire ci-dessous ou par t\u00e9l\u00e9phone au 06.89.61.02.97  : <\/p>\n\n\n\n<div class=\"wp-block-contact-form-7-contact-form-selector\"><div role=\"form\" class=\"wpcf7\" id=\"wpcf7-f64-o1\" lang=\"fr-FR\" dir=\"ltr\">\n<div class=\"screen-reader-response\"><p role=\"status\" aria-live=\"polite\" aria-atomic=\"true\"><\/p> <ul><\/ul><\/div>\n<form action=\"\/index.php?rest_route=%2Fwp%2Fv2%2Fpages%2F61#wpcf7-f64-o1\" method=\"post\" class=\"wpcf7-form init\" novalidate=\"novalidate\" data-status=\"init\">\n<div style=\"display: none;\">\n<input type=\"hidden\" name=\"_wpcf7\" value=\"64\" \/>\n<input type=\"hidden\" name=\"_wpcf7_version\" value=\"5.4.2\" \/>\n<input type=\"hidden\" name=\"_wpcf7_locale\" value=\"fr_FR\" \/>\n<input type=\"hidden\" name=\"_wpcf7_unit_tag\" value=\"wpcf7-f64-o1\" \/>\n<input type=\"hidden\" name=\"_wpcf7_container_post\" value=\"0\" \/>\n<input type=\"hidden\" name=\"_wpcf7_posted_data_hash\" value=\"\" \/>\n<\/div>\n<p><label> Votre nom<br \/>\n    <span class=\"wpcf7-form-control-wrap your-name\"><input type=\"text\" name=\"your-name\" value=\"\" size=\"40\" class=\"wpcf7-form-control wpcf7-text wpcf7-validates-as-required\" aria-required=\"true\" aria-invalid=\"false\" \/><\/span> <\/label><\/p>\n<p><label> Votre e-mail<br \/>\n    <span class=\"wpcf7-form-control-wrap your-email\"><input type=\"email\" name=\"your-email\" value=\"\" size=\"40\" class=\"wpcf7-form-control wpcf7-text wpcf7-email wpcf7-validates-as-required wpcf7-validates-as-email\" aria-required=\"true\" aria-invalid=\"false\" \/><\/span> <\/label><\/p>\n<p><label> Objet<br \/>\n    <span class=\"wpcf7-form-control-wrap your-subject\"><input type=\"text\" name=\"your-subject\" value=\"\" size=\"40\" class=\"wpcf7-form-control wpcf7-text wpcf7-validates-as-required\" aria-required=\"true\" aria-invalid=\"false\" \/><\/span> <\/label><\/p>\n<p><label> Votre message (facultatif)<br \/>\n    <span class=\"wpcf7-form-control-wrap your-message\"><textarea name=\"your-message\" cols=\"40\" rows=\"10\" class=\"wpcf7-form-control wpcf7-textarea\" aria-invalid=\"false\"><\/textarea><\/span> <\/label><\/p>\n<p><input type=\"submit\" value=\"Envoyer\" class=\"wpcf7-form-control wpcf7-submit\" \/><\/p>\n<div class=\"wpcf7-response-output\" aria-hidden=\"true\"><\/div><\/form><\/div><\/div>\n\n\n\n<p><\/p>\n","protected":false},"excerpt":{"rendered":"<p>Pour toute demande de disponibilit\u00e9, devis ou autres n&rsquo;h\u00e9sitez pas \u00e0 nous contacter mail via le formulaire ci-dessous ou par t\u00e9l\u00e9phone au 06.89.61.02.97 :<\/p>\n","protected":false},"author":1,"featured_media":0,"parent":0,"menu_order":0,"comment_status":"closed","ping_status":"closed","template":"","meta":{"footnotes":""},"yoast_head":"<!-- This site is optimized with the Yoast SEO plugin v21.3 - https:\/\/yoast.com\/wordpress\/plugins\/seo\/ -->\n<title>Contact - That&#039;s All Folk<\/title>\n<meta name=\"description\" content=\"Contactez That&#039;s all Folk Bluegrass Folk Savoie\" \/>\n<meta name=\"robots\" content=\"index, follow, max-snippet:-1, max-image-preview:large, max-video-preview:-1\" \/>\n<link rel=\"canonical\" href=\"http:\/\/www.thatsallfolk.fr\/?page_id=61\" \/>\n<meta property=\"og:locale\" content=\"fr_FR\" \/>\n<meta property=\"og:type\" content=\"article\" \/>\n<meta property=\"og:title\" content=\"Contact - That&#039;s All Folk\" \/>\n<meta property=\"og:description\" content=\"Contactez That&#039;s all Folk Bluegrass Folk Savoie\" \/>\n<meta property=\"og:url\" content=\"http:\/\/www.thatsallfolk.fr\/?page_id=61\" \/>\n<meta property=\"og:site_name\" content=\"That&#039;s All Folk\" \/>\n<meta property=\"article:modified_time\" content=\"2023-10-09T07:10:46+00:00\" \/>\n<meta name=\"twitter:card\" content=\"summary_large_image\" \/>\n<meta name=\"twitter:label1\" content=\"Dur\u00e9e de lecture estim\u00e9e\" \/>\n\t<meta name=\"twitter:data1\" content=\"1 minute\" \/>\n<script type=\"application\/ld+json\" class=\"yoast-schema-graph\">{\"@context\":\"https:\/\/schema.org\",\"@graph\":[{\"@type\":\"WebPage\",\"@id\":\"http:\/\/www.thatsallfolk.fr\/?page_id=61\",\"url\":\"http:\/\/www.thatsallfolk.fr\/?page_id=61\",\"name\":\"Contact - That&#039;s All Folk\",\"isPartOf\":{\"@id\":\"https:\/\/www.thatsallfolk.fr\/#website\"},\"datePublished\":\"2021-09-16T16:14:04+00:00\",\"dateModified\":\"2023-10-09T07:10:46+00:00\",\"description\":\"Contactez That's all Folk Bluegrass Folk Savoie\",\"breadcrumb\":{\"@id\":\"http:\/\/www.thatsallfolk.fr\/?page_id=61#breadcrumb\"},\"inLanguage\":\"fr-FR\",\"potentialAction\":[{\"@type\":\"ReadAction\",\"target\":[\"http:\/\/www.thatsallfolk.fr\/?page_id=61\"]}]},{\"@type\":\"BreadcrumbList\",\"@id\":\"http:\/\/www.thatsallfolk.fr\/?page_id=61#breadcrumb\",\"itemListElement\":[{\"@type\":\"ListItem\",\"position\":1,\"name\":\"Accueil\",\"item\":\"https:\/\/www.thatsallfolk.fr\/\"},{\"@type\":\"ListItem\",\"position\":2,\"name\":\"Contact\"}]},{\"@type\":\"WebSite\",\"@id\":\"https:\/\/www.thatsallfolk.fr\/#website\",\"url\":\"https:\/\/www.thatsallfolk.fr\/\",\"name\":\"That&#039;s All Folk\",\"description\":\"Bluegrass et Folk music\",\"potentialAction\":[{\"@type\":\"SearchAction\",\"target\":{\"@type\":\"EntryPoint\",\"urlTemplate\":\"https:\/\/www.thatsallfolk.fr\/?s={search_term_string}\"},\"query-input\":\"required name=search_term_string\"}],\"inLanguage\":\"fr-FR\"}]}<\/script>\n<!-- \/ Yoast SEO plugin. -->","yoast_head_json":{"title":"Contact - That&#039;s All Folk","description":"Contactez That's all Folk Bluegrass Folk Savoie","robots":{"index":"index","follow":"follow","max-snippet":"max-snippet:-1","max-image-preview":"max-image-preview:large","max-video-preview":"max-video-preview:-1"},"canonical":"http:\/\/www.thatsallfolk.fr\/?page_id=61","og_locale":"fr_FR","og_type":"article","og_title":"Contact - That&#039;s All Folk","og_description":"Contactez That's all Folk Bluegrass Folk Savoie","og_url":"http:\/\/www.thatsallfolk.fr\/?page_id=61","og_site_name":"That&#039;s All Folk","article_modified_time":"2023-10-09T07:10:46+00:00","twitter_card":"summary_large_image","twitter_misc":{"Dur\u00e9e de lecture estim\u00e9e":"1 minute"},"schema":{"@context":"https:\/\/schema.org","@graph":[{"@type":"WebPage","@id":"http:\/\/www.thatsallfolk.fr\/?page_id=61","url":"http:\/\/www.thatsallfolk.fr\/?page_id=61","name":"Contact - That&#039;s All Folk","isPartOf":{"@id":"https:\/\/www.thatsallfolk.fr\/#website"},"datePublished":"2021-09-16T16:14:04+00:00","dateModified":"2023-10-09T07:10:46+00:00","description":"Contactez That's all Folk Bluegrass Folk Savoie","breadcrumb":{"@id":"http:\/\/www.thatsallfolk.fr\/?page_id=61#breadcrumb"},"inLanguage":"fr-FR","potentialAction":[{"@type":"ReadAction","target":["http:\/\/www.thatsallfolk.fr\/?page_id=61"]}]},{"@type":"BreadcrumbList","@id":"http:\/\/www.thatsallfolk.fr\/?page_id=61#breadcrumb","itemListElement":[{"@type":"ListItem","position":1,"name":"Accueil","item":"https:\/\/www.thatsallfolk.fr\/"},{"@type":"ListItem","position":2,"name":"Contact"}]},{"@type":"WebSite","@id":"https:\/\/www.thatsallfolk.fr\/#website","url":"https:\/\/www.thatsallfolk.fr\/","name":"That&#039;s All Folk","description":"Bluegrass et Folk music","potentialAction":[{"@type":"SearchAction","target":{"@type":"EntryPoint","urlTemplate":"https:\/\/www.thatsallfolk.fr\/?s={search_term_string}"},"query-input":"required name=search_term_string"}],"inLanguage":"fr-FR"}]}},"_links":{"self":[{"href":"http:\/\/www.thatsallfolk.fr\/index.php?rest_route=\/wp\/v2\/pages\/61"}],"collection":[{"href":"http:\/\/www.thatsallfolk.fr\/index.php?rest_route=\/wp\/v2\/pages"}],"about":[{"href":"http:\/\/www.thatsallfolk.fr\/index.php?rest_route=\/wp\/v2\/types\/page"}],"author":[{"embeddable":true,"href":"http:\/\/www.thatsallfolk.fr\/index.php?rest_route=\/wp\/v2\/users\/1"}],"replies":[{"embeddable":true,"href":"http:\/\/www.thatsallfolk.fr\/index.php?rest_route=%2Fwp%2Fv2%2Fcomments&post=61"}],"version-history":[{"count":3,"href":"http:\/\/www.thatsallfolk.fr\/index.php?rest_route=\/wp\/v2\/pages\/61\/revisions"}],"predecessor-version":[{"id":157,"href":"http:\/\/www.thatsallfolk.fr\/index.php?rest_route=\/wp\/v2\/pages\/61\/revisions\/157"}],"wp:attachment":[{"href":"http:\/\/www.thatsallfolk.fr\/index.php?rest_route=%2Fwp%2Fv2%2Fmedia&parent=61"}],"curies":[{"name":"wp","href":"https:\/\/api.w.org\/{rel}","templated":true}]}}